{"id":16475,"date":"2021-06-05T15:17:44","date_gmt":"2021-06-05T13:17:44","guid":{"rendered":"https:\/\/p-art.design\/?post_type=product&#038;p=16475"},"modified":"2024-07-24T22:21:48","modified_gmt":"2024-07-24T20:21:48","slug":"leginy-bile-vel-152-158","status":"publish","type":"product","link":"https:\/\/p-art.design\/?product=leginy-bile-vel-152-158","title":{"rendered":"LEG\u00cdNY b\u00edl\u00e9 vel. 152\/158"},"content":{"rendered":"<p>Leg\u00edny ze sn\u011bhob\u00edle hladk\u00e9ho \u00fapletu.<\/p>\n<p>Slo\u017een\u00ed: 90 % polyamid, 10 % elasten<\/p>\n<p>\u017dehlit na stupe\u0148 1<br \/>\nPr\u00e1t do 40 st. C<\/p>\n","protected":false},"excerpt":{"rendered":"<p>Velikost 152\/158<\/p>\n<p>Pas: 60 cm &#8211; v nenata\u017een\u00e9m stavu<br \/>\nD\u00e9lka: 90 cm<\/p>\n","protected":false},"featured_media":16469,"comment_status":"open","ping_status":"closed","template":"","meta":{"_exactmetrics_skip_tracking":false,"_exactmetrics_sitenote_active":false,"_exactmetrics_sitenote_note":"","_exactmetrics_sitenote_category":0},"product_brand":[],"product_cat":[89,105,94],"product_tag":[],"class_list":{"0":"post-16475","1":"product","2":"type-product","3":"status-publish","4":"has-post-thumbnail","6":"product_cat-divky","7":"product_cat-kratasy","8":"product_cat-sakura_style","10":"first","11":"instock","12":"taxable","13":"shipping-taxable","14":"purchasable","15":"product-type-simple"},"acf":[],"jetpack_sharing_enabled":true,"_links":{"self":[{"href":"https:\/\/p-art.design\/index.php?rest_route=\/wp\/v2\/product\/16475","targetHints":{"allow":["GET"]}}],"collection":[{"href":"https:\/\/p-art.design\/index.php?rest_route=\/wp\/v2\/product"}],"about":[{"href":"https:\/\/p-art.design\/index.php?rest_route=\/wp\/v2\/types\/product"}],"replies":[{"embeddable":true,"href":"https:\/\/p-art.design\/index.php?rest_route=%2Fwp%2Fv2%2Fcomments&post=16475"}],"wp:featuredmedia":[{"embeddable":true,"href":"https:\/\/p-art.design\/index.php?rest_route=\/wp\/v2\/media\/16469"}],"wp:attachment":[{"href":"https:\/\/p-art.design\/index.php?rest_route=%2Fwp%2Fv2%2Fmedia&parent=16475"}],"wp:term":[{"taxonomy":"product_brand","embeddable":true,"href":"https:\/\/p-art.design\/index.php?rest_route=%2Fwp%2Fv2%2Fproduct_brand&post=16475"},{"taxonomy":"product_cat","embeddable":true,"href":"https:\/\/p-art.design\/index.php?rest_route=%2Fwp%2Fv2%2Fproduct_cat&post=16475"},{"taxonomy":"product_tag","embeddable":true,"href":"https:\/\/p-art.design\/index.php?rest_route=%2Fwp%2Fv2%2Fproduct_tag&post=16475"}],"curies":[{"name":"wp","href":"https:\/\/api.w.org\/{rel}","templated":true}]}}