{"id":16471,"date":"2021-06-05T14:41:47","date_gmt":"2021-06-05T12:41:47","guid":{"rendered":"https:\/\/p-art.design\/?post_type=product&#038;p=16471"},"modified":"2022-01-02T16:58:43","modified_gmt":"2022-01-02T15:58:43","slug":"kardigan-sedy-vel-152","status":"publish","type":"product","link":"https:\/\/p-art.design\/?product=kardigan-sedy-vel-152","title":{"rendered":"KARDIGAN \u017e\u00edhan\u00fd vel. 152"},"content":{"rendered":"<p>Kardigan je u\u0161it ze spl\u00fdvav\u00e9ho, \u017e\u00edhan\u00e9 \u010dernob\u00edl\u00e9ho materi\u00e1lu, kter\u00fd je velice p\u0159\u00edjemn\u00fd na omak.<br \/>\nSou\u010d\u00e1st\u00ed balen\u00ed je n\u00e1kr\u010dn\u00edk. <\/p>\n<p>Slo\u017een\u00ed: 88 % polyester, 2 % elastan, 10 % vizkoza<\/p>\n<p>\u017dehlit na stupe\u0148 1<br \/>\nPr\u00e1t na 30 st. C<\/p>\n","protected":false},"excerpt":{"rendered":"<p>Velikost 152<\/p>\n<p>Kardigan<br \/>\nD\u00e9lka: 77 cm<br \/>\n\u0160\u00ed\u0159ka: 50 cm<br \/>\nRuk\u00e1v: 50 cm<\/p>\n<p>N\u00e1kr\u010dn\u00edk<br \/>\nD\u00e9lka: 26 cm<br \/>\n\u0160\u00ed\u0159ka: 26 cm<\/p>\n","protected":false},"featured_media":16488,"comment_status":"open","ping_status":"closed","template":"","meta":{"_exactmetrics_skip_tracking":false,"_exactmetrics_sitenote_active":false,"_exactmetrics_sitenote_note":"","_exactmetrics_sitenote_category":0},"product_brand":[],"product_cat":[89,94,95],"product_tag":[],"class_list":{"0":"post-16471","1":"product","2":"type-product","3":"status-publish","4":"has-post-thumbnail","6":"product_cat-divky","7":"product_cat-sakura_style","8":"product_cat-rolaky","10":"first","11":"instock","12":"taxable","13":"shipping-taxable","14":"purchasable","15":"product-type-simple"},"acf":[],"jetpack_sharing_enabled":true,"_links":{"self":[{"href":"https:\/\/p-art.design\/index.php?rest_route=\/wp\/v2\/product\/16471","targetHints":{"allow":["GET"]}}],"collection":[{"href":"https:\/\/p-art.design\/index.php?rest_route=\/wp\/v2\/product"}],"about":[{"href":"https:\/\/p-art.design\/index.php?rest_route=\/wp\/v2\/types\/product"}],"replies":[{"embeddable":true,"href":"https:\/\/p-art.design\/index.php?rest_route=%2Fwp%2Fv2%2Fcomments&post=16471"}],"wp:featuredmedia":[{"embeddable":true,"href":"https:\/\/p-art.design\/index.php?rest_route=\/wp\/v2\/media\/16488"}],"wp:attachment":[{"href":"https:\/\/p-art.design\/index.php?rest_route=%2Fwp%2Fv2%2Fmedia&parent=16471"}],"wp:term":[{"taxonomy":"product_brand","embeddable":true,"href":"https:\/\/p-art.design\/index.php?rest_route=%2Fwp%2Fv2%2Fproduct_brand&post=16471"},{"taxonomy":"product_cat","embeddable":true,"href":"https:\/\/p-art.design\/index.php?rest_route=%2Fwp%2Fv2%2Fproduct_cat&post=16471"},{"taxonomy":"product_tag","embeddable":true,"href":"https:\/\/p-art.design\/index.php?rest_route=%2Fwp%2Fv2%2Fproduct_tag&post=16471"}],"curies":[{"name":"wp","href":"https:\/\/api.w.org\/{rel}","templated":true}]}}