{"id":16461,"date":"2021-06-04T14:19:31","date_gmt":"2021-06-04T12:19:31","guid":{"rendered":"https:\/\/p-art.design\/?post_type=product&#038;p=16461"},"modified":"2024-05-16T13:20:39","modified_gmt":"2024-05-16T11:20:39","slug":"halenka-vel-152","status":"publish","type":"product","link":"https:\/\/p-art.design\/?product=halenka-vel-152","title":{"rendered":"TRIKO r\u016f\u017eov\u00e1 vel. 152"},"content":{"rendered":"<p>Halenka z r\u016f\u017eov\u00e9ho \u00fapletu.<\/p>\n<p>Slo\u017een\u00ed: 96 % vizkoza, 4 % elasten<\/p>\n<p>Ne\u017eehlit<br \/>\nPr\u00e1t do 40 st. C<\/p>\n","protected":false},"excerpt":{"rendered":"<p>Velikost 152<\/p>\n<p>D\u00e9lka: 51 cm<br \/>\n\u0160\u00ed\u0159ka: 40 cm<\/p>\n","protected":false},"featured_media":16462,"comment_status":"open","ping_status":"closed","template":"","meta":{"_exactmetrics_skip_tracking":false,"_exactmetrics_sitenote_active":false,"_exactmetrics_sitenote_note":"","_exactmetrics_sitenote_category":0},"product_brand":[],"product_cat":[89,103,94],"product_tag":[],"class_list":{"0":"post-16461","1":"product","2":"type-product","3":"status-publish","4":"has-post-thumbnail","6":"product_cat-divky","7":"product_cat-trika","8":"product_cat-sakura_style","10":"first","11":"instock","12":"taxable","13":"shipping-taxable","14":"purchasable","15":"product-type-simple"},"acf":[],"jetpack_sharing_enabled":true,"_links":{"self":[{"href":"https:\/\/p-art.design\/index.php?rest_route=\/wp\/v2\/product\/16461","targetHints":{"allow":["GET"]}}],"collection":[{"href":"https:\/\/p-art.design\/index.php?rest_route=\/wp\/v2\/product"}],"about":[{"href":"https:\/\/p-art.design\/index.php?rest_route=\/wp\/v2\/types\/product"}],"replies":[{"embeddable":true,"href":"https:\/\/p-art.design\/index.php?rest_route=%2Fwp%2Fv2%2Fcomments&post=16461"}],"wp:featuredmedia":[{"embeddable":true,"href":"https:\/\/p-art.design\/index.php?rest_route=\/wp\/v2\/media\/16462"}],"wp:attachment":[{"href":"https:\/\/p-art.design\/index.php?rest_route=%2Fwp%2Fv2%2Fmedia&parent=16461"}],"wp:term":[{"taxonomy":"product_brand","embeddable":true,"href":"https:\/\/p-art.design\/index.php?rest_route=%2Fwp%2Fv2%2Fproduct_brand&post=16461"},{"taxonomy":"product_cat","embeddable":true,"href":"https:\/\/p-art.design\/index.php?rest_route=%2Fwp%2Fv2%2Fproduct_cat&post=16461"},{"taxonomy":"product_tag","embeddable":true,"href":"https:\/\/p-art.design\/index.php?rest_route=%2Fwp%2Fv2%2Fproduct_tag&post=16461"}],"curies":[{"name":"wp","href":"https:\/\/api.w.org\/{rel}","templated":true}]}}