{"id":16451,"date":"2021-06-04T11:38:52","date_gmt":"2021-06-04T09:38:52","guid":{"rendered":"https:\/\/p-art.design\/?post_type=product&#038;p=16451"},"modified":"2024-06-26T19:57:12","modified_gmt":"2024-06-26T17:57:12","slug":"svetr-vel-146","status":"publish","type":"product","link":"https:\/\/p-art.design\/?product=svetr-vel-146","title":{"rendered":"SVETR s kyti\u010dkami vel. 146"},"content":{"rendered":"<p>Svet\u0159\u00edk v barv\u011b staror\u016f\u017eov\u00e9 je u\u0161it do kompletu k \u010dern\u00e9 sukni, kter\u00e1 je vyobrazena sou\u010dasn\u011b, av\u0161ak nosit se m\u016f\u017ee s kra\u0165asy, sukn\u00ed nebo kalhotami, dle libosti.<\/p>\n<p>Slo\u017een\u00ed: 100% polyester<\/p>\n<p>Ne\u017eehlit<br \/>\nPr\u00e1t do 40 st. C<\/p>\n","protected":false},"excerpt":{"rendered":"<p>Vel. 146<\/p>\n<p>\u0160\u00ed\u0159ka: 44 cm<br \/>\nD\u00e9lka: 44 cm<br \/>\nRuk\u00e1v: 45 cm<\/p>\n","protected":false},"featured_media":16452,"comment_status":"open","ping_status":"closed","template":"","meta":{"_exactmetrics_skip_tracking":false,"_exactmetrics_sitenote_active":false,"_exactmetrics_sitenote_note":"","_exactmetrics_sitenote_category":0},"product_brand":[],"product_cat":[89,94,95],"product_tag":[],"class_list":{"0":"post-16451","1":"product","2":"type-product","3":"status-publish","4":"has-post-thumbnail","6":"product_cat-divky","7":"product_cat-sakura_style","8":"product_cat-rolaky","10":"first","11":"instock","12":"taxable","13":"shipping-taxable","14":"purchasable","15":"product-type-simple"},"acf":[],"jetpack_sharing_enabled":true,"_links":{"self":[{"href":"https:\/\/p-art.design\/index.php?rest_route=\/wp\/v2\/product\/16451","targetHints":{"allow":["GET"]}}],"collection":[{"href":"https:\/\/p-art.design\/index.php?rest_route=\/wp\/v2\/product"}],"about":[{"href":"https:\/\/p-art.design\/index.php?rest_route=\/wp\/v2\/types\/product"}],"replies":[{"embeddable":true,"href":"https:\/\/p-art.design\/index.php?rest_route=%2Fwp%2Fv2%2Fcomments&post=16451"}],"wp:featuredmedia":[{"embeddable":true,"href":"https:\/\/p-art.design\/index.php?rest_route=\/wp\/v2\/media\/16452"}],"wp:attachment":[{"href":"https:\/\/p-art.design\/index.php?rest_route=%2Fwp%2Fv2%2Fmedia&parent=16451"}],"wp:term":[{"taxonomy":"product_brand","embeddable":true,"href":"https:\/\/p-art.design\/index.php?rest_route=%2Fwp%2Fv2%2Fproduct_brand&post=16451"},{"taxonomy":"product_cat","embeddable":true,"href":"https:\/\/p-art.design\/index.php?rest_route=%2Fwp%2Fv2%2Fproduct_cat&post=16451"},{"taxonomy":"product_tag","embeddable":true,"href":"https:\/\/p-art.design\/index.php?rest_route=%2Fwp%2Fv2%2Fproduct_tag&post=16451"}],"curies":[{"name":"wp","href":"https:\/\/api.w.org\/{rel}","templated":true}]}}