{"id":16440,"date":"2021-06-03T15:59:41","date_gmt":"2021-06-03T13:59:41","guid":{"rendered":"https:\/\/p-art.design\/?post_type=product&#038;p=16440"},"modified":"2022-01-02T16:48:41","modified_gmt":"2022-01-02T15:48:41","slug":"kabat-lehky-vel-140","status":"publish","type":"product","link":"https:\/\/p-art.design\/?product=kabat-lehky-vel-140","title":{"rendered":"KAB\u00c1T lehk\u00fd vel. 140"},"content":{"rendered":"<p>Lehk\u00fd kab\u00e1tek ze sv\u011btle r\u016f\u017eovo-b\u00e9\u017eov\u00e9ho \u00fapletu na jarn\u00ed, chladn\u00e9 letn\u00ed a podzimn\u00ed dny. Elegantn\u00ed a jemn\u00fd.<br \/>\nKe kombinaci se \u0161aty ide\u00e1ln\u00ed.<\/p>\n<p>S \u0161\u00e1tkem.<\/p>\n<p>Slo\u017een\u00ed: 95 % polyester, 5 % elasten<\/p>\n<p>Nema\u010dk\u00e1 se, ne\u017eehl\u00ed se<br \/>\nPr\u00e1t na 40 st. C<\/p>\n","protected":false},"excerpt":{"rendered":"<p>Vel. 140<\/p>\n<p>Kab\u00e1t<br \/>\n\u0160\u00ed\u0159ka: 42 cm<br \/>\nD\u00e9lka: 60 cm<br \/>\nRuk\u00e1v: 48 cm<\/p>\n<p>\u0160\u00e1tek<br \/>\nrozm\u011br 135 x 65 cm<\/p>\n","protected":false},"featured_media":16441,"comment_status":"open","ping_status":"closed","template":"","meta":{"_exactmetrics_skip_tracking":false,"_exactmetrics_sitenote_active":false,"_exactmetrics_sitenote_note":"","_exactmetrics_sitenote_category":0},"product_brand":[],"product_cat":[89,106,94],"product_tag":[],"class_list":{"0":"post-16440","1":"product","2":"type-product","3":"status-publish","4":"has-post-thumbnail","6":"product_cat-divky","7":"product_cat-kabaty","8":"product_cat-sakura_style","10":"first","11":"instock","12":"taxable","13":"shipping-taxable","14":"purchasable","15":"product-type-simple"},"acf":[],"jetpack_sharing_enabled":true,"_links":{"self":[{"href":"https:\/\/p-art.design\/index.php?rest_route=\/wp\/v2\/product\/16440","targetHints":{"allow":["GET"]}}],"collection":[{"href":"https:\/\/p-art.design\/index.php?rest_route=\/wp\/v2\/product"}],"about":[{"href":"https:\/\/p-art.design\/index.php?rest_route=\/wp\/v2\/types\/product"}],"replies":[{"embeddable":true,"href":"https:\/\/p-art.design\/index.php?rest_route=%2Fwp%2Fv2%2Fcomments&post=16440"}],"wp:featuredmedia":[{"embeddable":true,"href":"https:\/\/p-art.design\/index.php?rest_route=\/wp\/v2\/media\/16441"}],"wp:attachment":[{"href":"https:\/\/p-art.design\/index.php?rest_route=%2Fwp%2Fv2%2Fmedia&parent=16440"}],"wp:term":[{"taxonomy":"product_brand","embeddable":true,"href":"https:\/\/p-art.design\/index.php?rest_route=%2Fwp%2Fv2%2Fproduct_brand&post=16440"},{"taxonomy":"product_cat","embeddable":true,"href":"https:\/\/p-art.design\/index.php?rest_route=%2Fwp%2Fv2%2Fproduct_cat&post=16440"},{"taxonomy":"product_tag","embeddable":true,"href":"https:\/\/p-art.design\/index.php?rest_route=%2Fwp%2Fv2%2Fproduct_tag&post=16440"}],"curies":[{"name":"wp","href":"https:\/\/api.w.org\/{rel}","templated":true}]}}