{"id":16435,"date":"2021-06-03T14:57:49","date_gmt":"2021-06-03T12:57:49","guid":{"rendered":"https:\/\/p-art.design\/?post_type=product&#038;p=16435"},"modified":"2022-01-02T19:11:15","modified_gmt":"2022-01-02T18:11:15","slug":"saty-cerne-vel-146","status":"publish","type":"product","link":"https:\/\/p-art.design\/?product=saty-cerne-vel-146","title":{"rendered":"\u0160ATY \u010dern\u00e9 vel. 146"},"content":{"rendered":"<p>\u0160aty \u010dern\u00e9 z \u00fapletu s leskl\u00fdm vytla\u010den\u00edm. Elegantn\u00ed a spole\u010densk\u00e9.<\/p>\n<p>Slo\u017een\u00ed: 95 % polyester, 5 % elasten<\/p>\n<p>Nema\u010dk\u00e1 se, ne\u017eehl\u00ed se<br \/>\nPr\u00e1t na 40 st. C<\/p>\n","protected":false},"excerpt":{"rendered":"<p>Vel. 146<\/p>\n<p>\u0160\u00ed\u0159ka: 48 cm<br \/>\nD\u00e9lka: 80 cm<br \/>\nRuk\u00e1v: 44 cm<\/p>\n","protected":false},"featured_media":16437,"comment_status":"open","ping_status":"closed","template":"","meta":{"_exactmetrics_skip_tracking":false,"_exactmetrics_sitenote_active":false,"_exactmetrics_sitenote_note":"","_exactmetrics_sitenote_category":0},"product_brand":[],"product_cat":[89,94,107],"product_tag":[],"class_list":{"0":"post-16435","1":"product","2":"type-product","3":"status-publish","4":"has-post-thumbnail","6":"product_cat-divky","7":"product_cat-sakura_style","8":"product_cat-saty","10":"first","11":"instock","12":"taxable","13":"shipping-taxable","14":"purchasable","15":"product-type-simple"},"acf":[],"jetpack_sharing_enabled":true,"_links":{"self":[{"href":"https:\/\/p-art.design\/index.php?rest_route=\/wp\/v2\/product\/16435","targetHints":{"allow":["GET"]}}],"collection":[{"href":"https:\/\/p-art.design\/index.php?rest_route=\/wp\/v2\/product"}],"about":[{"href":"https:\/\/p-art.design\/index.php?rest_route=\/wp\/v2\/types\/product"}],"replies":[{"embeddable":true,"href":"https:\/\/p-art.design\/index.php?rest_route=%2Fwp%2Fv2%2Fcomments&post=16435"}],"wp:featuredmedia":[{"embeddable":true,"href":"https:\/\/p-art.design\/index.php?rest_route=\/wp\/v2\/media\/16437"}],"wp:attachment":[{"href":"https:\/\/p-art.design\/index.php?rest_route=%2Fwp%2Fv2%2Fmedia&parent=16435"}],"wp:term":[{"taxonomy":"product_brand","embeddable":true,"href":"https:\/\/p-art.design\/index.php?rest_route=%2Fwp%2Fv2%2Fproduct_brand&post=16435"},{"taxonomy":"product_cat","embeddable":true,"href":"https:\/\/p-art.design\/index.php?rest_route=%2Fwp%2Fv2%2Fproduct_cat&post=16435"},{"taxonomy":"product_tag","embeddable":true,"href":"https:\/\/p-art.design\/index.php?rest_route=%2Fwp%2Fv2%2Fproduct_tag&post=16435"}],"curies":[{"name":"wp","href":"https:\/\/api.w.org\/{rel}","templated":true}]}}