{"id":16427,"date":"2021-06-03T14:33:03","date_gmt":"2021-06-03T12:33:03","guid":{"rendered":"https:\/\/p-art.design\/?post_type=product&#038;p=16427"},"modified":"2022-06-02T23:41:45","modified_gmt":"2022-06-02T21:41:45","slug":"lehky-kabat-vel-146","status":"publish","type":"product","link":"https:\/\/p-art.design\/?product=lehky-kabat-vel-146","title":{"rendered":"KAB\u00c1T lehk\u00fd vel. 146"},"content":{"rendered":"<p>Lehk\u00fd kab\u00e1tek ze sv\u011btle r\u016f\u017eov\u00e9ho \u00fapletu na jarn\u00ed, chladn\u00e9 letn\u00ed a podzimn\u00ed dny. Elegantn\u00ed a jemn\u00fd.<br \/>\nKe kombinaci se \u0161aty ide\u00e1ln\u00ed. <\/p>\n<p>Se \u0161\u00e1lou.<\/p>\n<p>Slo\u017een\u00ed: 95 % polyester, 5 % elasten<\/p>\n<p>Nema\u010dk\u00e1 se, ne\u017eehl\u00ed se<br \/>\nPr\u00e1t na 40 st. C<\/p>\n","protected":false},"excerpt":{"rendered":"<p>Vel. 146<\/p>\n<p>Kab\u00e1t<br \/>\n\u0160\u00ed\u0159ka: 48 cm<br \/>\nD\u00e9lka: 84 cm<br \/>\nRuk\u00e1v: 50 cm<\/p>\n<p>\u0160\u00e1la<br \/>\nD\u00e9lka: 113 cm<br \/>\n\u0160\u00ed\u0159ka: 9 cm<\/p>\n","protected":false},"featured_media":16428,"comment_status":"open","ping_status":"closed","template":"","meta":{"_exactmetrics_skip_tracking":false,"_exactmetrics_sitenote_active":false,"_exactmetrics_sitenote_note":"","_exactmetrics_sitenote_category":0},"product_brand":[],"product_cat":[89,106,94],"product_tag":[],"class_list":{"0":"post-16427","1":"product","2":"type-product","3":"status-publish","4":"has-post-thumbnail","6":"product_cat-divky","7":"product_cat-kabaty","8":"product_cat-sakura_style","10":"first","11":"instock","12":"taxable","13":"shipping-taxable","14":"purchasable","15":"product-type-simple"},"acf":[],"jetpack_sharing_enabled":true,"_links":{"self":[{"href":"https:\/\/p-art.design\/index.php?rest_route=\/wp\/v2\/product\/16427","targetHints":{"allow":["GET"]}}],"collection":[{"href":"https:\/\/p-art.design\/index.php?rest_route=\/wp\/v2\/product"}],"about":[{"href":"https:\/\/p-art.design\/index.php?rest_route=\/wp\/v2\/types\/product"}],"replies":[{"embeddable":true,"href":"https:\/\/p-art.design\/index.php?rest_route=%2Fwp%2Fv2%2Fcomments&post=16427"}],"wp:featuredmedia":[{"embeddable":true,"href":"https:\/\/p-art.design\/index.php?rest_route=\/wp\/v2\/media\/16428"}],"wp:attachment":[{"href":"https:\/\/p-art.design\/index.php?rest_route=%2Fwp%2Fv2%2Fmedia&parent=16427"}],"wp:term":[{"taxonomy":"product_brand","embeddable":true,"href":"https:\/\/p-art.design\/index.php?rest_route=%2Fwp%2Fv2%2Fproduct_brand&post=16427"},{"taxonomy":"product_cat","embeddable":true,"href":"https:\/\/p-art.design\/index.php?rest_route=%2Fwp%2Fv2%2Fproduct_cat&post=16427"},{"taxonomy":"product_tag","embeddable":true,"href":"https:\/\/p-art.design\/index.php?rest_route=%2Fwp%2Fv2%2Fproduct_tag&post=16427"}],"curies":[{"name":"wp","href":"https:\/\/api.w.org\/{rel}","templated":true}]}}