{"id":16423,"date":"2021-06-03T13:27:40","date_gmt":"2021-06-03T11:27:40","guid":{"rendered":"https:\/\/p-art.design\/?post_type=product&#038;p=16423"},"modified":"2024-06-26T19:57:19","modified_gmt":"2024-06-26T17:57:19","slug":"kratasy-bile-vel-152","status":"publish","type":"product","link":"https:\/\/p-art.design\/?product=kratasy-bile-vel-152","title":{"rendered":"KRA\u0164ASY b\u00edl\u00e9 vel. 152"},"content":{"rendered":"<p>Kra\u0165asy ze sn\u011bhob\u00edl\u00e9ho \u00fapletu, vhodn\u00e9 na t\u011blocvik do \u0161koly, na h\u0159i\u0161t\u011b, proch\u00e1zku i na doma.<br \/>\nKra\u0165asy maj\u00ed kapsy.<br \/>\nKombinovat lze s trikem a mikinou, viz fotografie.<\/p>\n<p>Slo\u017een\u00ed: 90 % polyamid, 10 % elasten<\/p>\n<p>\u017dehlit na stupe\u0148 1<br \/>\nPr\u00e1t na 40 st. C<\/p>\n<p>(D\u00edvka na fotografii m\u00e1 152 cm, 45 kg, 10 let.)<\/p>\n","protected":false},"excerpt":{"rendered":"<p>Vel. 152<\/p>\n<p>Pas: 66 cm<br \/>\nD\u00e9lka: 32 cm<\/p>\n","protected":false},"featured_media":16424,"comment_status":"open","ping_status":"closed","template":"","meta":{"_exactmetrics_skip_tracking":false,"_exactmetrics_sitenote_active":false,"_exactmetrics_sitenote_note":"","_exactmetrics_sitenote_category":0},"product_brand":[],"product_cat":[89,105,94],"product_tag":[],"class_list":{"0":"post-16423","1":"product","2":"type-product","3":"status-publish","4":"has-post-thumbnail","6":"product_cat-divky","7":"product_cat-kratasy","8":"product_cat-sakura_style","10":"first","11":"instock","12":"taxable","13":"shipping-taxable","14":"purchasable","15":"product-type-simple"},"acf":[],"jetpack_sharing_enabled":true,"_links":{"self":[{"href":"https:\/\/p-art.design\/index.php?rest_route=\/wp\/v2\/product\/16423","targetHints":{"allow":["GET"]}}],"collection":[{"href":"https:\/\/p-art.design\/index.php?rest_route=\/wp\/v2\/product"}],"about":[{"href":"https:\/\/p-art.design\/index.php?rest_route=\/wp\/v2\/types\/product"}],"replies":[{"embeddable":true,"href":"https:\/\/p-art.design\/index.php?rest_route=%2Fwp%2Fv2%2Fcomments&post=16423"}],"wp:featuredmedia":[{"embeddable":true,"href":"https:\/\/p-art.design\/index.php?rest_route=\/wp\/v2\/media\/16424"}],"wp:attachment":[{"href":"https:\/\/p-art.design\/index.php?rest_route=%2Fwp%2Fv2%2Fmedia&parent=16423"}],"wp:term":[{"taxonomy":"product_brand","embeddable":true,"href":"https:\/\/p-art.design\/index.php?rest_route=%2Fwp%2Fv2%2Fproduct_brand&post=16423"},{"taxonomy":"product_cat","embeddable":true,"href":"https:\/\/p-art.design\/index.php?rest_route=%2Fwp%2Fv2%2Fproduct_cat&post=16423"},{"taxonomy":"product_tag","embeddable":true,"href":"https:\/\/p-art.design\/index.php?rest_route=%2Fwp%2Fv2%2Fproduct_tag&post=16423"}],"curies":[{"name":"wp","href":"https:\/\/api.w.org\/{rel}","templated":true}]}}