{"id":16408,"date":"2021-05-31T14:26:45","date_gmt":"2021-05-31T12:26:45","guid":{"rendered":"https:\/\/p-art.design\/?post_type=product&#038;p=16408"},"modified":"2024-06-26T19:57:27","modified_gmt":"2024-06-26T17:57:27","slug":"sukne-ruzova-s-puntikem-vel-140","status":"publish","type":"product","link":"https:\/\/p-art.design\/?product=sukne-ruzova-s-puntikem-vel-140","title":{"rendered":"SUKN\u011a r\u016f\u017eov\u00e1 s punt\u00edkem vel. 140"},"content":{"rendered":"<p>Slo\u017een\u00ed: polyamid, elastan<\/p>\n<p>Ne\u017eehlit<br \/>\nPr\u00e1t na 40 st. C<\/p>\n","protected":false},"excerpt":{"rendered":"<p>Vel. 140<br \/>\nPas 60 cm<br \/>\nD\u00e9lka: 42 cm<\/p>\n","protected":false},"featured_media":16405,"comment_status":"open","ping_status":"closed","template":"","meta":{"_exactmetrics_skip_tracking":false,"_exactmetrics_sitenote_active":false,"_exactmetrics_sitenote_note":"","_exactmetrics_sitenote_category":0},"product_brand":[],"product_cat":[89,92],"product_tag":[102,100,99,101],"class_list":{"0":"post-16408","1":"product","2":"type-product","3":"status-publish","4":"has-post-thumbnail","6":"product_cat-divky","7":"product_cat-sukne-divky","8":"product_tag-puntik","9":"product_tag-ruzova","10":"product_tag-sukne","11":"product_tag-tyl","13":"first","14":"instock","15":"taxable","16":"shipping-taxable","17":"purchasable","18":"product-type-simple"},"acf":[],"jetpack_sharing_enabled":true,"_links":{"self":[{"href":"https:\/\/p-art.design\/index.php?rest_route=\/wp\/v2\/product\/16408","targetHints":{"allow":["GET"]}}],"collection":[{"href":"https:\/\/p-art.design\/index.php?rest_route=\/wp\/v2\/product"}],"about":[{"href":"https:\/\/p-art.design\/index.php?rest_route=\/wp\/v2\/types\/product"}],"replies":[{"embeddable":true,"href":"https:\/\/p-art.design\/index.php?rest_route=%2Fwp%2Fv2%2Fcomments&post=16408"}],"wp:featuredmedia":[{"embeddable":true,"href":"https:\/\/p-art.design\/index.php?rest_route=\/wp\/v2\/media\/16405"}],"wp:attachment":[{"href":"https:\/\/p-art.design\/index.php?rest_route=%2Fwp%2Fv2%2Fmedia&parent=16408"}],"wp:term":[{"taxonomy":"product_brand","embeddable":true,"href":"https:\/\/p-art.design\/index.php?rest_route=%2Fwp%2Fv2%2Fproduct_brand&post=16408"},{"taxonomy":"product_cat","embeddable":true,"href":"https:\/\/p-art.design\/index.php?rest_route=%2Fwp%2Fv2%2Fproduct_cat&post=16408"},{"taxonomy":"product_tag","embeddable":true,"href":"https:\/\/p-art.design\/index.php?rest_route=%2Fwp%2Fv2%2Fproduct_tag&post=16408"}],"curies":[{"name":"wp","href":"https:\/\/api.w.org\/{rel}","templated":true}]}}