{"id":16402,"date":"2021-05-31T14:06:52","date_gmt":"2021-05-31T12:06:52","guid":{"rendered":"https:\/\/p-art.design\/?post_type=product&#038;p=16402"},"modified":"2024-06-26T19:57:12","modified_gmt":"2024-06-26T17:57:12","slug":"rolak-cerny","status":"publish","type":"product","link":"https:\/\/p-art.design\/?product=rolak-cerny","title":{"rendered":"ROL\u00c1K \u010dern\u00fd vel. 146"},"content":{"rendered":"<p>Slo\u017een\u00ed: 47 % Polyester, 20 % Bavlna, 30 % Visk\u00f3za, 3 % Lycra<\/p>\n<p>Ne\u017eehlit<br \/>\nPr\u00e1t na 40 st. C<\/p>\n","protected":false},"excerpt":{"rendered":"<p>Vel. 146<\/p>\n<p>\u0160\u00ed\u0159ka: 45 cm<br \/>\nD\u00e9lka: 55 cm<br \/>\nRuk\u00e1v: 48 cm<\/p>\n","protected":false},"featured_media":16409,"comment_status":"open","ping_status":"closed","template":"","meta":{"_exactmetrics_skip_tracking":false,"_exactmetrics_sitenote_active":false,"_exactmetrics_sitenote_note":"","_exactmetrics_sitenote_category":0},"product_brand":[],"product_cat":[89,95],"product_tag":[97,98,96],"class_list":{"0":"post-16402","1":"product","2":"type-product","3":"status-publish","4":"has-post-thumbnail","6":"product_cat-divky","7":"product_cat-rolaky","8":"product_tag-cerny","9":"product_tag-detsky","10":"product_tag-rolak","12":"first","13":"instock","14":"taxable","15":"shipping-taxable","16":"purchasable","17":"product-type-simple"},"acf":[],"jetpack_sharing_enabled":true,"_links":{"self":[{"href":"https:\/\/p-art.design\/index.php?rest_route=\/wp\/v2\/product\/16402","targetHints":{"allow":["GET"]}}],"collection":[{"href":"https:\/\/p-art.design\/index.php?rest_route=\/wp\/v2\/product"}],"about":[{"href":"https:\/\/p-art.design\/index.php?rest_route=\/wp\/v2\/types\/product"}],"replies":[{"embeddable":true,"href":"https:\/\/p-art.design\/index.php?rest_route=%2Fwp%2Fv2%2Fcomments&post=16402"}],"wp:featuredmedia":[{"embeddable":true,"href":"https:\/\/p-art.design\/index.php?rest_route=\/wp\/v2\/media\/16409"}],"wp:attachment":[{"href":"https:\/\/p-art.design\/index.php?rest_route=%2Fwp%2Fv2%2Fmedia&parent=16402"}],"wp:term":[{"taxonomy":"product_brand","embeddable":true,"href":"https:\/\/p-art.design\/index.php?rest_route=%2Fwp%2Fv2%2Fproduct_brand&post=16402"},{"taxonomy":"product_cat","embeddable":true,"href":"https:\/\/p-art.design\/index.php?rest_route=%2Fwp%2Fv2%2Fproduct_cat&post=16402"},{"taxonomy":"product_tag","embeddable":true,"href":"https:\/\/p-art.design\/index.php?rest_route=%2Fwp%2Fv2%2Fproduct_tag&post=16402"}],"curies":[{"name":"wp","href":"https:\/\/api.w.org\/{rel}","templated":true}]}}