{"id":14962,"date":"2021-03-05T03:38:31","date_gmt":"2021-03-05T02:38:31","guid":{"rendered":"https:\/\/p-art.design\/?post_type=product&#038;p=14962"},"modified":"2024-06-26T19:57:12","modified_gmt":"2024-06-26T17:57:12","slug":"rouska-svatebni","status":"publish","type":"product","link":"https:\/\/p-art.design\/?product=rouska-svatebni","title":{"rendered":"ROU\u0160KA svatebn\u00ed"},"content":{"rendered":"<h2><\/h2>\n<p>Rou\u0161ka je dvouvrstv\u00e1, mezi vrstvy lze vlo\u017eit pap\u00edrovou kuchy\u0148skou ut\u011brku, antibakteri\u00e1ln\u00ed ubrousek, pap\u00edrov\u00fd kapesn\u00edk\u2026 je na gumi\u010dky za u\u0161i, d\u00e1 se p\u0159izp\u016fsobit utvo\u0159en\u00edm uzl\u00edku.<\/p>\n<p>Barva kr\u00e9mov\u00e1.<\/p>\n<p>&nbsp;<\/p>\n","protected":false},"excerpt":{"rendered":"<p>10 ks<\/p>\n","protected":false},"featured_media":14963,"comment_status":"open","ping_status":"closed","template":"","meta":{"_exactmetrics_skip_tracking":false,"_exactmetrics_sitenote_active":false,"_exactmetrics_sitenote_note":"","_exactmetrics_sitenote_category":0},"product_brand":[],"product_cat":[27],"product_tag":[],"class_list":{"0":"post-14962","1":"product","2":"type-product","3":"status-publish","4":"has-post-thumbnail","6":"product_cat-rousky","8":"first","9":"instock","10":"taxable","11":"shipping-taxable","12":"purchasable","13":"product-type-simple"},"acf":[],"jetpack_sharing_enabled":true,"_links":{"self":[{"href":"https:\/\/p-art.design\/index.php?rest_route=\/wp\/v2\/product\/14962","targetHints":{"allow":["GET"]}}],"collection":[{"href":"https:\/\/p-art.design\/index.php?rest_route=\/wp\/v2\/product"}],"about":[{"href":"https:\/\/p-art.design\/index.php?rest_route=\/wp\/v2\/types\/product"}],"replies":[{"embeddable":true,"href":"https:\/\/p-art.design\/index.php?rest_route=%2Fwp%2Fv2%2Fcomments&post=14962"}],"wp:featuredmedia":[{"embeddable":true,"href":"https:\/\/p-art.design\/index.php?rest_route=\/wp\/v2\/media\/14963"}],"wp:attachment":[{"href":"https:\/\/p-art.design\/index.php?rest_route=%2Fwp%2Fv2%2Fmedia&parent=14962"}],"wp:term":[{"taxonomy":"product_brand","embeddable":true,"href":"https:\/\/p-art.design\/index.php?rest_route=%2Fwp%2Fv2%2Fproduct_brand&post=14962"},{"taxonomy":"product_cat","embeddable":true,"href":"https:\/\/p-art.design\/index.php?rest_route=%2Fwp%2Fv2%2Fproduct_cat&post=14962"},{"taxonomy":"product_tag","embeddable":true,"href":"https:\/\/p-art.design\/index.php?rest_route=%2Fwp%2Fv2%2Fproduct_tag&post=14962"}],"curies":[{"name":"wp","href":"https:\/\/api.w.org\/{rel}","templated":true}]}}