{"id":14951,"date":"2021-03-05T03:12:31","date_gmt":"2021-03-05T02:12:31","guid":{"rendered":"https:\/\/p-art.design\/?page_id=14951"},"modified":"2024-11-19T19:49:56","modified_gmt":"2024-11-19T18:49:56","slug":"bila-orchidej","status":"publish","type":"page","link":"https:\/\/p-art.design\/?page_id=14951","title":{"rendered":"N\u011b\u017en\u00e1 m\u00f3da"},"content":{"rendered":"\n<figure class=\"wp-block-image alignwide size-large is-style-rounded\"><img loading=\"lazy\" decoding=\"async\" width=\"700\" height=\"461\" src=\"https:\/\/p-art.design\/wp-content\/uploads\/2021\/12\/IMG_20151030_113926-3-700x461.jpg\" alt=\"\" class=\"wp-image-16601\" srcset=\"https:\/\/p-art.design\/wp-content\/uploads\/2021\/12\/IMG_20151030_113926-3-700x461.jpg 700w, https:\/\/p-art.design\/wp-content\/uploads\/2021\/12\/IMG_20151030_113926-3-300x198.jpg 300w, https:\/\/p-art.design\/wp-content\/uploads\/2021\/12\/IMG_20151030_113926-3-768x506.jpg 768w, https:\/\/p-art.design\/wp-content\/uploads\/2021\/12\/IMG_20151030_113926-3-600x395.jpg 600w, https:\/\/p-art.design\/wp-content\/uploads\/2021\/12\/IMG_20151030_113926-3.jpg 1062w\" sizes=\"auto, (max-width: 700px) 100vw, 700px\" \/><\/figure>\n\n\n\n<h2 class=\"wp-block-heading has-text-align-center\">\ud83d\udda4<\/h2>\n\n\n\n<h2 class=\"wp-block-heading has-text-align-center\">Elegance a n\u011b\u017enost.<\/h2>\n\n\n\n<p><\/p>\n\n\n\n<h2 class=\"wp-block-heading has-text-align-center\"><\/h2>\n\n\n\n<p><\/p>\n\n\n\n<p><\/p>\n\n\n\n<p class=\"has-text-align-center\">Ve\u0161ker\u00e9 nab\u00edzen\u00e9 modely lze u\u0161\u00edt ve V\u00e1mi zvolen\u00e9 velikosti, barv\u011b, pop\u0159. se daj\u00ed domluvit r\u016fzn\u00e9 detaily a zm\u011bny. M\u00e1te-li dotaz, pot\u0159ebuje jinou velikost nebo barvu, nev\u00e1hejte m\u011b kontaktovat. \u0160iji v\u00edcem\u00e9n\u011b na zak\u00e1zku a tak, abychom se nepotk\u00e1valy ve stejn\u00e9m modelu a barv\u011b. <\/p>\n\n\n\n<h2 class=\"wp-block-heading has-text-align-center\">Bu\u010f jedine\u010dn\u00e1.<\/h2>\n\n\n\n<h2 class=\"wp-block-heading has-text-align-center\">Oble\u010d si n\u011bhu!<\/h2>\n\n\n\n<p><\/p>\n","protected":false},"excerpt":{"rendered":"<p>\ud83d\udda4 Elegance a n\u011b\u017enost. Ve\u0161ker\u00e9 nab\u00edzen\u00e9 modely lze u\u0161\u00edt ve V\u00e1mi zvolen\u00e9 velikosti, barv\u011b, pop\u0159. se daj\u00ed domluvit r\u016fzn\u00e9 detaily a zm\u011bny. M\u00e1te-li dotaz, pot\u0159ebuje jinou velikost nebo barvu, nev\u00e1hejte m\u011b kontaktovat. \u0160iji v\u00edcem\u00e9n\u011b na zak\u00e1zku a tak, abychom se nepotk\u00e1valy ve stejn\u00e9m modelu a barv\u011b. Bu\u010f jedine\u010dn\u00e1. Oble\u010d si n\u011bhu!<\/p>\n","protected":false},"author":1,"featured_media":0,"parent":0,"menu_order":0,"comment_status":"closed","ping_status":"closed","template":"","meta":{"_exactmetrics_skip_tracking":false,"_exactmetrics_sitenote_active":false,"_exactmetrics_sitenote_note":"","_exactmetrics_sitenote_category":0,"footnotes":""},"class_list":["post-14951","page","type-page","status-publish","hentry"],"acf":[],"jetpack_sharing_enabled":true,"_links":{"self":[{"href":"https:\/\/p-art.design\/index.php?rest_route=\/wp\/v2\/pages\/14951","targetHints":{"allow":["GET"]}}],"collection":[{"href":"https:\/\/p-art.design\/index.php?rest_route=\/wp\/v2\/pages"}],"about":[{"href":"https:\/\/p-art.design\/index.php?rest_route=\/wp\/v2\/types\/page"}],"author":[{"embeddable":true,"href":"https:\/\/p-art.design\/index.php?rest_route=\/wp\/v2\/users\/1"}],"replies":[{"embeddable":true,"href":"https:\/\/p-art.design\/index.php?rest_route=%2Fwp%2Fv2%2Fcomments&post=14951"}],"version-history":[{"count":22,"href":"https:\/\/p-art.design\/index.php?rest_route=\/wp\/v2\/pages\/14951\/revisions"}],"predecessor-version":[{"id":17374,"href":"https:\/\/p-art.design\/index.php?rest_route=\/wp\/v2\/pages\/14951\/revisions\/17374"}],"wp:attachment":[{"href":"https:\/\/p-art.design\/index.php?rest_route=%2Fwp%2Fv2%2Fmedia&parent=14951"}],"curies":[{"name":"wp","href":"https:\/\/api.w.org\/{rel}","templated":true}]}}